{"id":8,"date":"2014-05-07T13:00:54","date_gmt":"2014-05-07T12:00:54","guid":{"rendered":"http:\/\/masjaschennink.nl\/?page_id=8"},"modified":"2024-07-02T13:00:33","modified_gmt":"2024-07-02T11:00:33","slug":"over-mij","status":"publish","type":"page","link":"https:\/\/masjaschennink.nl\/?page_id=8","title":{"rendered":"Over mij"},"content":{"rendered":"\n<div class=\"wp-block-group\"><div class=\"wp-block-group__inner-container is-layout-flow wp-block-group-is-layout-flow\">\n<div class=\"wp-block-columns is-layout-flex wp-container-core-columns-is-layout-9d6595d7 wp-block-columns-is-layout-flex\">\n<div class=\"wp-block-column is-layout-flow wp-block-column-is-layout-flow\" style=\"flex-basis:100%\">\n<div class=\"wp-block-columns is-layout-flex wp-container-core-columns-is-layout-9d6595d7 wp-block-columns-is-layout-flex\">\n<div class=\"wp-block-column is-layout-flow wp-block-column-is-layout-flow\" style=\"flex-basis:33.33%\">\n<figure class=\"wp-block-gallery has-nested-images columns-default is-cropped wp-block-gallery-1 is-layout-flex wp-block-gallery-is-layout-flex\">\n<figure class=\"wp-block-image size-large is-style-rounded\"><a href=\"http:\/\/www.masjaschennink.nl\/wp-content\/uploads\/2024\/07\/Portret-foto-Masja-Schennink.jpg\"><img loading=\"lazy\" decoding=\"async\" width=\"935\" height=\"1024\" data-id=\"505\" src=\"http:\/\/www.masjaschennink.nl\/wp-content\/uploads\/2024\/07\/Portret-foto-Masja-Schennink-935x1024.jpg\" alt=\"\" class=\"wp-image-505\" srcset=\"https:\/\/masjaschennink.nl\/wp-content\/uploads\/2024\/07\/Portret-foto-Masja-Schennink-935x1024.jpg 935w, https:\/\/masjaschennink.nl\/wp-content\/uploads\/2024\/07\/Portret-foto-Masja-Schennink-274x300.jpg 274w, https:\/\/masjaschennink.nl\/wp-content\/uploads\/2024\/07\/Portret-foto-Masja-Schennink-768x841.jpg 768w, https:\/\/masjaschennink.nl\/wp-content\/uploads\/2024\/07\/Portret-foto-Masja-Schennink.jpg 1316w\" sizes=\"auto, (max-width: 935px) 100vw, 935px\" \/><\/a><\/figure>\n<\/figure>\n<\/div>\n\n\n\n<div class=\"wp-block-column is-layout-flow wp-block-column-is-layout-flow\" style=\"flex-basis:66.66%\">\n<p>Ik ben Masja Schennink, geboren op 13 mei 1971 in Haarlem. Ik groeide op in een gezin met mijn ouders en mijn drie jaar oudere broer. Op mijn achttiende begon ik fulltime te werken bij Albert Heijn, terwijl ik &#8217;s avonds studeerde. Ik behaalde achtereenvolgens de diploma&#8217;s MAVO, MEAO, HEAO en een post-HBO diploma als Controller.<\/p>\n\n\n\n<p>In 1998 kocht ik mijn eerste huis in Haarlem, waar ik met veel plezier woonde. Na vijf jaar in Hoofddorp te hebben gewoond, verhuisde ik in 2011 naar Beverwijk, waar ik nu nog steeds woon.<\/p>\n\n\n\n<p>Mijn professionele ervaring omvat Functioneel applicatie beheerder Afas bij diverse organisaties en \u00a0vrijwilligerswerk bij Socius en een functie als medewerkster Financi\u00eble Administratie Thuis. Socius biedt diverse vormen van hulp, en ik houd mij specifiek bezig met de Financi\u00eble Administratie Thuis (FAT). In deze rol help ik mensen die moeite hebben om hun financi\u00eble administratie op orde te krijgen.<\/p>\n\n\n\n<p>In mijn vrije tijd kijk ik graag Netflix en maak ik regelmatig lange wandelingen om te ontspannen en nieuwe energie op te doen.<\/p>\n<\/div>\n<\/div>\n<\/div>\n<\/div>\n\n\n\n<div class=\"wp-block-group\"><div class=\"wp-block-group__inner-container is-layout-flow wp-block-group-is-layout-flow\">\n<p><\/p>\n\n\n\n<h2 class=\"has-text-align-left wp-block-heading\"><\/h2>\n<\/div><\/div>\n\n\n\n<p><\/p>\n<\/div><\/div>\n","protected":false},"excerpt":{"rendered":"<p>Ik ben Masja Schennink, geboren op 13 mei 1971 in Haarlem. Ik groeide op in een gezin met mijn ouders en mijn drie jaar oudere broer. Op mijn achttiende begon ik fulltime te werken bij Albert Heijn, terwijl ik &#8217;s avonds studeerde. Ik behaalde achtereenvolgens de diploma&#8217;s MAVO, MEAO, HEAO en een post-HBO diploma als &hellip; <a href=\"https:\/\/masjaschennink.nl\/?page_id=8\" class=\"more-link\">Lees verder <span class=\"screen-reader-text\">Over mij<\/span> <span class=\"meta-nav\">&rarr;<\/span><\/a><\/p>\n","protected":false},"author":2,"featured_media":0,"parent":0,"menu_order":0,"comment_status":"closed","ping_status":"closed","template":"","meta":{"footnotes":""},"class_list":["post-8","page","type-page","status-publish","hentry"],"_links":{"self":[{"href":"https:\/\/masjaschennink.nl\/index.php?rest_route=\/wp\/v2\/pages\/8","targetHints":{"allow":["GET"]}}],"collection":[{"href":"https:\/\/masjaschennink.nl\/index.php?rest_route=\/wp\/v2\/pages"}],"about":[{"href":"https:\/\/masjaschennink.nl\/index.php?rest_route=\/wp\/v2\/types\/page"}],"author":[{"embeddable":true,"href":"https:\/\/masjaschennink.nl\/index.php?rest_route=\/wp\/v2\/users\/2"}],"replies":[{"embeddable":true,"href":"https:\/\/masjaschennink.nl\/index.php?rest_route=%2Fwp%2Fv2%2Fcomments&post=8"}],"version-history":[{"count":38,"href":"https:\/\/masjaschennink.nl\/index.php?rest_route=\/wp\/v2\/pages\/8\/revisions"}],"predecessor-version":[{"id":514,"href":"https:\/\/masjaschennink.nl\/index.php?rest_route=\/wp\/v2\/pages\/8\/revisions\/514"}],"wp:attachment":[{"href":"https:\/\/masjaschennink.nl\/index.php?rest_route=%2Fwp%2Fv2%2Fmedia&parent=8"}],"curies":[{"name":"wp","href":"https:\/\/api.w.org\/{rel}","templated":true}]}}